{"id":8,"date":"2024-12-29T11:26:56","date_gmt":"2024-12-29T11:26:56","guid":{"rendered":"https:\/\/thotblackwood.com\/index.php\/home\/"},"modified":"2026-04-11T07:47:58","modified_gmt":"2026-04-11T07:47:58","slug":"home","status":"publish","type":"page","link":"https:\/\/thotblackwood.com\/","title":{"rendered":"Bienvenue"},"content":{"rendered":"\t\t<div data-elementor-type=\"wp-page\" data-elementor-id=\"8\" class=\"elementor elementor-8\">\n\t\t\t\t<div class=\"elementor-element elementor-element-f2b223e e-flex e-con-boxed e-con e-parent\" data-id=\"f2b223e\" data-element_type=\"container\">\n\t\t\t\t\t<div class=\"e-con-inner\">\n\t\t<div class=\"elementor-element elementor-element-3a97abb e-con-full e-flex e-con e-child\" data-id=\"3a97abb\" data-element_type=\"container\">\n\t\t\t\t<div class=\"elementor-element elementor-element-03674ba elementor-widget elementor-widget-image\" data-id=\"03674ba\" data-element_type=\"widget\" data-widget_type=\"image.default\">\n\t\t\t\t<div class=\"elementor-widget-container\">\n\t\t\t\t\t\t\t\t\t\t\t\t<figure class=\"wp-caption\">\n\t\t\t\t\t\t\t\t\t\t<img fetchpriority=\"high\" decoding=\"async\" width=\"801\" height=\"1024\" src=\"https:\/\/thotblackwood.com\/wp-content\/uploads\/2024\/12\/IMG-20240920-WA0013-801x1024.jpg\" class=\"attachment-large size-large wp-image-30\" alt=\"\" srcset=\"https:\/\/thotblackwood.com\/wp-content\/uploads\/2024\/12\/IMG-20240920-WA0013-801x1024.jpg 801w, https:\/\/thotblackwood.com\/wp-content\/uploads\/2024\/12\/IMG-20240920-WA0013-235x300.jpg 235w, https:\/\/thotblackwood.com\/wp-content\/uploads\/2024\/12\/IMG-20240920-WA0013-768x982.jpg 768w, https:\/\/thotblackwood.com\/wp-content\/uploads\/2024\/12\/IMG-20240920-WA0013-1202x1536.jpg 1202w, https:\/\/thotblackwood.com\/wp-content\/uploads\/2024\/12\/IMG-20240920-WA0013.jpg 1417w\" sizes=\"(max-width: 801px) 100vw, 801px\" \/>\t\t\t\t\t\t\t\t\t\t\t<figcaption class=\"widget-image-caption wp-caption-text\">Mathieu Perrin (aka Thot Blackwood)<\/figcaption>\n\t\t\t\t\t\t\t\t\t\t<\/figure>\n\t\t\t\t\t\t\t\t\t<\/div>\n\t\t\t\t<\/div>\n\t\t\t\t<\/div>\n\t\t<div class=\"elementor-element elementor-element-e6c0a3b e-con-full e-flex e-con e-child\" data-id=\"e6c0a3b\" data-element_type=\"container\">\n\t\t\t\t<div class=\"elementor-element elementor-element-0504061 elementor-widget elementor-widget-text-editor\" data-id=\"0504061\" data-element_type=\"widget\" data-widget_type=\"text-editor.default\">\n\t\t\t\t<div class=\"elementor-widget-container\">\n\t\t\t\t\t\t\t\t\t<p><b>Thot Blackwood<br \/><\/b><em>Chroniqueur pop culture\/contenu geek, Consultant SI\/Tech<\/em><\/p><p>N\u00e9 en 1990, je suis passionn\u00e9 de lecture depuis que je suis en \u00e2ge de lire. Que ce soit en voyage, dans le train pour aller travailler ou sous la couette, je suis toujours accompagn\u00e9 d&rsquo;un livre en version papier ou num\u00e9rique. M\u00eame si le ressenti du papier sous mes doigts, coupl\u00e9 \u00e0 la senteur de l&rsquo;encre fra\u00eeche d&rsquo;un ouvrage r\u00e9cemment imprim\u00e9 me fait toujours vibrer, vous risquez quand m\u00eame de me croiser en d\u00e9placement avec ma liseuse \u00e9lectronique&#8230; appliquant ma doctrine du jamais sans mon livre. Un bon livre est pour moi le d\u00e9but d&rsquo;un moment \u00ab\u00a0cozy\u00a0\u00bb que j&rsquo;utilise pour m&rsquo;\u00e9vader temporairement du tumulte du quotidien.<\/p><p>Bien qu&rsquo;amoureux de la lecture, je suis \u00e9galement un passionn\u00e9 de nouvelles technologies. Qu&rsquo;il s&rsquo;agisse de celles qui accompagnent notre quotidien, comme les \u00ab\u00a0smart devices\u00a0\u00bb, ou de celles qui r\u00e9volutionnent notre soci\u00e9t\u00e9 comme l&rsquo;intelligence artificielle, j&rsquo;aime les tester, les d\u00e9cortiquer et les d\u00e9mystifier.<\/p>\t\t\t\t\t\t\t\t<\/div>\n\t\t\t\t<\/div>\n\t\t\t\t<\/div>\n\t\t\t\t\t<\/div>\n\t\t\t\t<\/div>\n\t\t\t\t<\/div>\n\t\t","protected":false},"excerpt":{"rendered":"<p>Mathieu Perrin (aka Thot Blackwood) Thot BlackwoodChroniqueur pop culture\/contenu geek, Consultant SI\/Tech N\u00e9 en 1990, je suis passionn\u00e9 de lecture depuis que je suis en \u00e2ge de lire. Que ce soit en voyage, dans le train pour aller travailler ou sous la couette, je suis toujours accompagn\u00e9 d&rsquo;un livre en version papier ou num\u00e9rique. M\u00eame si le ressenti du papier &hellip; <\/p>\n","protected":false},"author":1,"featured_media":0,"parent":0,"menu_order":0,"comment_status":"closed","ping_status":"closed","template":"","meta":{"footnotes":""},"class_list":["post-8","page","type-page","status-publish","hentry"],"_links":{"self":[{"href":"https:\/\/thotblackwood.com\/index.php\/wp-json\/wp\/v2\/pages\/8","targetHints":{"allow":["GET"]}}],"collection":[{"href":"https:\/\/thotblackwood.com\/index.php\/wp-json\/wp\/v2\/pages"}],"about":[{"href":"https:\/\/thotblackwood.com\/index.php\/wp-json\/wp\/v2\/types\/page"}],"author":[{"embeddable":true,"href":"https:\/\/thotblackwood.com\/index.php\/wp-json\/wp\/v2\/users\/1"}],"replies":[{"embeddable":true,"href":"https:\/\/thotblackwood.com\/index.php\/wp-json\/wp\/v2\/comments?post=8"}],"version-history":[{"count":32,"href":"https:\/\/thotblackwood.com\/index.php\/wp-json\/wp\/v2\/pages\/8\/revisions"}],"predecessor-version":[{"id":128,"href":"https:\/\/thotblackwood.com\/index.php\/wp-json\/wp\/v2\/pages\/8\/revisions\/128"}],"wp:attachment":[{"href":"https:\/\/thotblackwood.com\/index.php\/wp-json\/wp\/v2\/media?parent=8"}],"curies":[{"name":"wp","href":"https:\/\/api.w.org\/{rel}","templated":true}]}}