{"id":57,"date":"2024-12-29T13:58:54","date_gmt":"2024-12-29T13:58:54","guid":{"rendered":"https:\/\/thotblackwood.com\/?page_id=57"},"modified":"2026-04-11T07:05:40","modified_gmt":"2026-04-11T07:05:40","slug":"chroniques","status":"publish","type":"page","link":"https:\/\/thotblackwood.com\/index.php\/chroniques\/","title":{"rendered":"Chroniques"},"content":{"rendered":"\n<p><strong>Chroniques personnelles<\/strong><\/p>\n\n\n<ul class=\"wp-block-latest-posts__list is-grid columns-3 wp-block-latest-posts\"><li><a class=\"wp-block-latest-posts__post-title\" href=\"https:\/\/thotblackwood.com\/index.php\/2025\/01\/04\/le-roman-de-gare-cest-quoi\/\">Le roman de gare, c&rsquo;est quoi?<\/a><\/li>\n<\/ul>\n\n\n<p><\/p>\n\n\n\n<h2 class=\"wp-block-heading\"><strong>Chroniques pour <em><a href=\"http:\/\/www.gpourgeek.ca\">G Pour Geek<\/a> <\/em>(la r\u00e9f\u00e9rence geek au Qu\u00e9bec)<\/strong><br><\/h2>\n\n\n\n<p><strong>Les chroniques \u00e9v\u00e9nements<br><\/strong>Event du 11 au 15 mars 2026 &#8211; <a href=\"https:\/\/gpourgeek.ca\/2026\/03\/18\/salon-des-inventions-de-geneve-suisse-une-51e-edition-avec-une-ia-omnipresente\/\" data-type=\"link\" data-id=\"https:\/\/gpourgeek.ca\/2026\/03\/18\/salon-des-inventions-de-geneve-suisse-une-51e-edition-avec-une-ia-omnipresente\/\">51\u00e8me salon des inventions de Gen\u00e8ve<\/a> &#8211; Publication du 18 mars 2026<\/p>\n\n\n\n<p><strong>Les Tablettes num\u00e9riques de Thot Blackwood<br><\/strong>S\u00e9rie de chroniques ax\u00e9e sur le d\u00e9cryptage des nouvelles technologies, la d\u00e9mystification de l&rsquo;intelligence artificielle (AI) et la sensibilisation num\u00e9rique.<br>Les tablettes num\u00e9riques de Thot &#8211; <a href=\"https:\/\/gpourgeek.ca\/2026\/01\/16\/les-tablettes-numeriques-de-thot-faut-il-contredire-lia\/\" data-type=\"link\" data-id=\"https:\/\/gpourgeek.ca\/2026\/01\/16\/les-tablettes-numeriques-de-thot-faut-il-contredire-lia\/\">Faut-il contredire l&rsquo;IA ?<\/a> &#8211; Publication du 16 janvier 2026<br>Les tablettes num\u00e9riques de Thot &#8211; <a href=\"https:\/\/gpourgeek.ca\/2025\/12\/21\/les-tablettes-numeriques-de-thor-ia-et-mangas\/\" data-type=\"link\" data-id=\"https:\/\/gpourgeek.ca\/2025\/12\/21\/les-tablettes-numeriques-de-thor-ia-et-mangas\/\">IA et mangas<\/a> &#8211; Publication du 21 d\u00e9cembre 2025<\/p>\n\n\n\n<p><strong>Les chroniques litt\u00e9raires<br><\/strong>Critique manga &#8211; <a href=\"https:\/\/gpourgeek.ca\/author\/thotblackwood\/\" data-type=\"link\" data-id=\"https:\/\/gpourgeek.ca\/author\/thotblackwood\/\">Mashle (S\u00e9rie compl\u00e8te)<\/a> &#8211; Publication du 4 d\u00e9cembre 2025<br>Critique manga &#8211; <a href=\"https:\/\/gpourgeek.ca\/2025\/11\/13\/critique-de-manga-school-of-villains-tome-2\/\" data-type=\"link\" data-id=\"https:\/\/gpourgeek.ca\/2025\/11\/13\/critique-de-manga-school-of-villains-tome-2\/\">School of Villains (Tome 02)<\/a> &#8211; Publication du 13 novembre 2025<br>Critique manga &#8211; <a href=\"https:\/\/gpourgeek.ca\/2025\/11\/06\/critique-de-manga-latelier-des-sorciers-tome-2\/\" data-type=\"link\" data-id=\"https:\/\/gpourgeek.ca\/2025\/11\/06\/critique-de-manga-latelier-des-sorciers-tome-2\/\">L&rsquo;atelier des Sorciers (Tome 02)<\/a> &#8211; Publication du 6 novembre 2025<br>Critique manga &#8211; <a href=\"https:\/\/gpourgeek.ca\/2025\/11\/06\/critique-de-manga-le-livre-des-multivers-tome-1\/\" data-type=\"link\" data-id=\"https:\/\/gpourgeek.ca\/2025\/11\/06\/critique-de-manga-le-livre-des-multivers-tome-1\/\">Le livre des multivers (Tome 01)<\/a> &#8211; Publication du 6 novembre 2025<br>Critique manga &#8211; <a href=\"https:\/\/gpourgeek.ca\/2025\/10\/23\/critique-de-manga-latelier-des-sorciers-tome-1\/\" data-type=\"link\" data-id=\"https:\/\/gpourgeek.ca\/2025\/10\/23\/critique-de-manga-latelier-des-sorciers-tome-1\/\">L&rsquo;Atelier des Sorciers (Tome 01)<\/a> &#8211; Publication du 23 octobre 2025<br>Critique manga &#8211; <a href=\"https:\/\/gpourgeek.ca\/2025\/10\/09\/critique-de-manga-arsene-lupin-tome-1\/\">Ars\u00e8ne Lupin (Tome 01)<\/a> &#8211; Publication du 9 octobre 2025<br>Critique roman &#8211; <a href=\"https:\/\/gpourgeek.ca\/2025\/10\/03\/critique-de-roman-le-secret-des-secrets-par-dan-brown\/\">Le Secret des Secrets (Dan Brown)<\/a> &#8211; Publication du 3 octobre 2025<br>Critique manga &#8211; <a href=\"https:\/\/gpourgeek.ca\/2025\/09\/25\/critique-de-manga-school-of-villains-tome-1\/\">School of Villains (Tome 01)<\/a> &#8211; Publication du 25.09.2025<br>Critique manga &#8211; <a href=\"https:\/\/gpourgeek.ca\/2025\/09\/18\/critique-de-manga-ashes-tome-1\/\">Ashes (Tome 01)<\/a> &#8211; Publication du 18.09.2025<br>Critique manga &#8211; <a href=\"https:\/\/gpourgeek.ca\/2025\/09\/11\/critique-de-manga-le-royaume-dorcsen-tome-1\/\">Le Royaume d&rsquo;Orcsen (Tome 01)<\/a> &#8211; Publication du 11.09.2025<\/p>\n\n\n\n<h2 class=\"wp-block-heading\"><strong>Chroniques et articles pour <em><a href=\"https:\/\/leblogduherisson.com\/\">Le Blog du H\u00e9risson<\/a><\/em><\/strong><\/h2>\n\n\n\n<p>Article &#8211; <a href=\"https:\/\/leblogduherisson.com\/inventeurs-a-geneva-inventions\/\">Les inventeurs \u00e0 Geneva Inventions<\/a> &#8211; Publication du 15.04.2025 <strong><br><\/strong><\/p>\n\n\n\n<p><\/p>\n","protected":false},"excerpt":{"rendered":"<p>Chroniques personnelles Chroniques pour G Pour Geek (la r\u00e9f\u00e9rence geek au Qu\u00e9bec) Les chroniques \u00e9v\u00e9nementsEvent du 11 au 15 mars 2026 &#8211; 51\u00e8me salon des inventions de Gen\u00e8ve &#8211; Publication du 18 mars 2026 Les Tablettes num\u00e9riques de Thot BlackwoodS\u00e9rie de chroniques ax\u00e9e sur le d\u00e9cryptage des nouvelles technologies, la d\u00e9mystification de l&rsquo;intelligence artificielle (AI) et la sensibilisation num\u00e9rique.Les tablettes &hellip; <\/p>\n","protected":false},"author":1,"featured_media":0,"parent":0,"menu_order":0,"comment_status":"closed","ping_status":"closed","template":"","meta":{"footnotes":""},"class_list":["post-57","page","type-page","status-publish","hentry"],"_links":{"self":[{"href":"https:\/\/thotblackwood.com\/index.php\/wp-json\/wp\/v2\/pages\/57","targetHints":{"allow":["GET"]}}],"collection":[{"href":"https:\/\/thotblackwood.com\/index.php\/wp-json\/wp\/v2\/pages"}],"about":[{"href":"https:\/\/thotblackwood.com\/index.php\/wp-json\/wp\/v2\/types\/page"}],"author":[{"embeddable":true,"href":"https:\/\/thotblackwood.com\/index.php\/wp-json\/wp\/v2\/users\/1"}],"replies":[{"embeddable":true,"href":"https:\/\/thotblackwood.com\/index.php\/wp-json\/wp\/v2\/comments?post=57"}],"version-history":[{"count":11,"href":"https:\/\/thotblackwood.com\/index.php\/wp-json\/wp\/v2\/pages\/57\/revisions"}],"predecessor-version":[{"id":109,"href":"https:\/\/thotblackwood.com\/index.php\/wp-json\/wp\/v2\/pages\/57\/revisions\/109"}],"wp:attachment":[{"href":"https:\/\/thotblackwood.com\/index.php\/wp-json\/wp\/v2\/media?parent=57"}],"curies":[{"name":"wp","href":"https:\/\/api.w.org\/{rel}","templated":true}]}}